{"id":404,"date":"2017-09-04T10:17:05","date_gmt":"2017-09-04T10:17:05","guid":{"rendered":"https:\/\/prevodieko4.bg\/?page_id=404"},"modified":"2020-04-14T08:54:37","modified_gmt":"2020-04-14T08:54:37","slug":"hakkimizda","status":"publish","type":"page","link":"https:\/\/prevodieko4.bg\/tr\/hakkimizda\/","title":{"rendered":"Hakk\u0131m\u0131zda"},"content":{"rendered":"","protected":false},"excerpt":{"rendered":"","protected":false},"author":2,"featured_media":0,"parent":0,"menu_order":0,"comment_status":"closed","ping_status":"closed","template":"about-us-page-tpl.php","meta":[],"yoast_head":"<!-- This site is optimized with the Yoast SEO plugin v17.8 - https:\/\/yoast.com\/wordpress\/plugins\/seo\/ -->\n<title>Hakk\u0131m\u0131zda | EKO 4 TERC\u00dcME<\/title>\n<meta name=\"robots\" content=\"index, follow, max-snippet:-1, max-image-preview:large, max-video-preview:-1\" \/>\n<link rel=\"canonical\" href=\"https:\/\/prevodieko4.bg\/tr\/hakkimizda\/\" \/>\n<meta property=\"og:locale\" content=\"tr_TR\" \/>\n<meta property=\"og:type\" content=\"article\" \/>\n<meta property=\"og:title\" content=\"Hakk\u0131m\u0131zda | EKO 4 TERC\u00dcME\" \/>\n<meta property=\"og:url\" content=\"https:\/\/prevodieko4.bg\/tr\/hakkimizda\/\" \/>\n<meta property=\"og:site_name\" content=\"EKO 4 TERC\u00dcME\" \/>\n<meta property=\"article:modified_time\" content=\"2020-04-14T08:54:37+00:00\" \/>\n<meta property=\"og:image\" content=\"https:\/\/prevodieko4.bg\/tr\/wp-content\/uploads\/2020\/04\/eko4-social-tr.jpg\" \/>\n\t<meta property=\"og:image:width\" content=\"1200\" \/>\n\t<meta property=\"og:image:height\" content=\"630\" \/>\n<meta name=\"twitter:card\" content=\"summary_large_image\" \/>\n<script type=\"application\/ld+json\" class=\"yoast-schema-graph\">{\"@context\":\"https:\/\/schema.org\",\"@graph\":[{\"@type\":\"WebSite\",\"@id\":\"https:\/\/prevodieko4.bg\/tr\/#website\",\"url\":\"https:\/\/prevodieko4.bg\/tr\/\",\"name\":\"EKO 4 TERC\\u00dcME\",\"description\":\"\",\"potentialAction\":[{\"@type\":\"SearchAction\",\"target\":{\"@type\":\"EntryPoint\",\"urlTemplate\":\"https:\/\/prevodieko4.bg\/tr\/?s={search_term_string}\"},\"query-input\":\"required name=search_term_string\"}],\"inLanguage\":\"tr\"},{\"@type\":\"WebPage\",\"@id\":\"https:\/\/prevodieko4.bg\/tr\/hakkimizda\/#webpage\",\"url\":\"https:\/\/prevodieko4.bg\/tr\/hakkimizda\/\",\"name\":\"Hakk\\u0131m\\u0131zda | EKO 4 TERC\\u00dcME\",\"isPartOf\":{\"@id\":\"https:\/\/prevodieko4.bg\/tr\/#website\"},\"datePublished\":\"2017-09-04T10:17:05+00:00\",\"dateModified\":\"2020-04-14T08:54:37+00:00\",\"breadcrumb\":{\"@id\":\"https:\/\/prevodieko4.bg\/tr\/hakkimizda\/#breadcrumb\"},\"inLanguage\":\"tr\",\"potentialAction\":[{\"@type\":\"ReadAction\",\"target\":[\"https:\/\/prevodieko4.bg\/tr\/hakkimizda\/\"]}]},{\"@type\":\"BreadcrumbList\",\"@id\":\"https:\/\/prevodieko4.bg\/tr\/hakkimizda\/#breadcrumb\",\"itemListElement\":[{\"@type\":\"ListItem\",\"position\":1,\"name\":\"\\u041d\\u0430\\u0447\\u0430\\u043b\\u043e\",\"item\":\"https:\/\/prevodieko4.bg\/tr\/\"},{\"@type\":\"ListItem\",\"position\":2,\"name\":\"Hakk\\u0131m\\u0131zda\"}]}]}<\/script>\n<!-- \/ Yoast SEO plugin. -->","yoast_head_json":{"title":"Hakk\u0131m\u0131zda | EKO 4 TERC\u00dcME","robots":{"index":"index","follow":"follow","max-snippet":"max-snippet:-1","max-image-preview":"max-image-preview:large","max-video-preview":"max-video-preview:-1"},"canonical":"https:\/\/prevodieko4.bg\/tr\/hakkimizda\/","og_locale":"tr_TR","og_type":"article","og_title":"Hakk\u0131m\u0131zda | EKO 4 TERC\u00dcME","og_url":"https:\/\/prevodieko4.bg\/tr\/hakkimizda\/","og_site_name":"EKO 4 TERC\u00dcME","article_modified_time":"2020-04-14T08:54:37+00:00","og_image":[{"width":1200,"height":630,"url":"https:\/\/prevodieko4.bg\/tr\/wp-content\/uploads\/2020\/04\/eko4-social-tr.jpg","type":"image\/jpeg"}],"twitter_card":"summary_large_image","schema":{"@context":"https:\/\/schema.org","@graph":[{"@type":"WebSite","@id":"https:\/\/prevodieko4.bg\/tr\/#website","url":"https:\/\/prevodieko4.bg\/tr\/","name":"EKO 4 TERC\u00dcME","description":"","potentialAction":[{"@type":"SearchAction","target":{"@type":"EntryPoint","urlTemplate":"https:\/\/prevodieko4.bg\/tr\/?s={search_term_string}"},"query-input":"required name=search_term_string"}],"inLanguage":"tr"},{"@type":"WebPage","@id":"https:\/\/prevodieko4.bg\/tr\/hakkimizda\/#webpage","url":"https:\/\/prevodieko4.bg\/tr\/hakkimizda\/","name":"Hakk\u0131m\u0131zda | EKO 4 TERC\u00dcME","isPartOf":{"@id":"https:\/\/prevodieko4.bg\/tr\/#website"},"datePublished":"2017-09-04T10:17:05+00:00","dateModified":"2020-04-14T08:54:37+00:00","breadcrumb":{"@id":"https:\/\/prevodieko4.bg\/tr\/hakkimizda\/#breadcrumb"},"inLanguage":"tr","potentialAction":[{"@type":"ReadAction","target":["https:\/\/prevodieko4.bg\/tr\/hakkimizda\/"]}]},{"@type":"BreadcrumbList","@id":"https:\/\/prevodieko4.bg\/tr\/hakkimizda\/#breadcrumb","itemListElement":[{"@type":"ListItem","position":1,"name":"\u041d\u0430\u0447\u0430\u043b\u043e","item":"https:\/\/prevodieko4.bg\/tr\/"},{"@type":"ListItem","position":2,"name":"Hakk\u0131m\u0131zda"}]}]}},"_links":{"self":[{"href":"https:\/\/prevodieko4.bg\/tr\/wp-json\/wp\/v2\/pages\/404"}],"collection":[{"href":"https:\/\/prevodieko4.bg\/tr\/wp-json\/wp\/v2\/pages"}],"about":[{"href":"https:\/\/prevodieko4.bg\/tr\/wp-json\/wp\/v2\/types\/page"}],"author":[{"embeddable":true,"href":"https:\/\/prevodieko4.bg\/tr\/wp-json\/wp\/v2\/users\/2"}],"replies":[{"embeddable":true,"href":"https:\/\/prevodieko4.bg\/tr\/wp-json\/wp\/v2\/comments?post=404"}],"version-history":[{"count":3,"href":"https:\/\/prevodieko4.bg\/tr\/wp-json\/wp\/v2\/pages\/404\/revisions"}],"predecessor-version":[{"id":1841,"href":"https:\/\/prevodieko4.bg\/tr\/wp-json\/wp\/v2\/pages\/404\/revisions\/1841"}],"wp:attachment":[{"href":"https:\/\/prevodieko4.bg\/tr\/wp-json\/wp\/v2\/media?parent=404"}],"curies":[{"name":"wp","href":"https:\/\/api.w.org\/{rel}","templated":true}]}}