{"id":175,"date":"2017-05-22T21:53:34","date_gmt":"2017-05-22T21:53:34","guid":{"rendered":"https:\/\/prevodieko4.bg\/?post_type=product&#038;p=175"},"modified":"2020-04-14T07:39:13","modified_gmt":"2020-04-14T07:39:13","slug":"bulgaristan-cumhuriyeti-vatandasinin-yurt-disinda-nikah-kiymasi-icin-belge","status":"publish","type":"product","link":"https:\/\/prevodieko4.bg\/tr\/belgeler\/bulgaristan-cumhuriyeti-vatandasinin-yurt-disinda-nikah-kiymasi-icin-belge\/","title":{"rendered":"Bulgaristan Cumhuriyeti vatanda\u015f\u0131n\u0131n yurt d\u0131\u015f\u0131nda nikah k\u0131ymas\u0131 i\u00e7in belge"},"content":{"rendered":"<p>\u0417\u0430 \u0434\u0430 \u0441\u0435 \u043b\u0435\u0433\u0430\u043b\u0438\u0437\u0438\u0440\u0430\u00a0\u0423\u0434\u043e\u0441\u0442\u043e\u0432\u0435\u0440\u0435\u043d\u0438\u0435 \u0437\u0430 \u0441\u043a\u043b\u044e\u0447\u0432\u0430\u043d\u0435 \u043d\u0430 \u0431\u0440\u0430\u043a \u043e\u0442 \u0431\u044a\u043b\u0433\u0430\u0440\u0441\u043a\u0438 \u0433\u0440\u0430\u0436\u0434\u0430\u043d\u0438\u043d \u0432 \u0447\u0443\u0436\u0431\u0438\u043d\u0430 \u0435 \u043d\u0435\u043e\u0431\u0445\u043e\u0434\u0438\u043c \u043e\u0440\u0438\u0433\u0438\u043d\u0430\u043b \u043d\u0430 \u0443\u0434\u043e\u0441\u0442\u043e\u0432\u0435\u0440\u0435\u043d\u0438\u0435\u0442\u043e \u0441 \u043f\u043e\u043b\u043e\u0436\u0435\u043d \u043f\u0440\u0430\u0432\u043e\u044a\u0433\u044a\u043b\u0435\u043d \u043f\u0435\u0447\u0430\u0442 \u043d\u0430 \u0433\u044a\u0440\u0431\u0430 \u043e\u0442 \u0441\u044a\u043e\u0442\u0432\u0435\u0442\u043d\u0430\u0442\u0430 \u043e\u0431\u0449\u0438\u043d\u0430,\u00a0 \u0432 \u043a\u043e\u044f\u0442\u043e \u0435 \u0438\u0437\u0434\u0430\u0434\u0435\u043d \u0434\u043e\u043a\u0443\u043c\u0435\u043d\u0442\u0430, \u0443\u0434\u043e\u0441\u0442\u043e\u0432\u0435\u0440\u044f\u0432\u0430\u0449 \u043f\u043e\u0434\u043f\u0438\u0441\u0430 \u043d\u0430 \u0434\u043b\u044a\u0436\u043d\u043e\u0441\u0442\u043d\u043e\u0442\u043e \u043b\u0438\u0446\u0435.<\/p>\n<p>\u0422\u0430\u043a\u0430 \u0438\u0437\u0434\u0430\u0434\u0435\u043d\u0438\u044f \u0434\u043e\u043a\u0443\u043c\u0435\u043d\u0442 \u0441\u0435 \u0438\u0437\u043f\u0440\u0430\u0449\u0430 \u0437\u0430 \u043b\u0435\u0433\u0430\u043b\u0438\u0437\u0430\u0446\u0438\u044f (\u00a0\u0437\u0430\u0432\u0435\u0440\u043a\u0430 &#8220;\u0410\u043f\u043e\u0441\u0442\u0438\u043b&#8221;) \u0432 \u041c\u0438\u043d\u0438\u0441\u0442\u0435\u0440\u0441\u0442\u0432\u043e \u043d\u0430 \u0412\u044a\u043d\u0448\u043d\u0438\u0442\u0435 \u0440\u0430\u0431\u043e\u0442\u0438, \u041a\u043e\u043d\u0441\u0443\u043b\u0441\u043a\u0438 \u043e\u0442\u0434\u0435\u043b.<\/p>\n<p>\u0410\u043a\u043e \u0435 \u043d\u0435\u043e\u0431\u0445\u043e\u0434\u0438\u043c\u043e \u0441\u0435 \u043f\u0440\u0430\u0432\u0438 \u043b\u0438\u0446\u0435\u043d\u0437\u0438\u0440\u0430\u043d \u043f\u0440\u0435\u0432\u043e\u0434.<\/p>\n","protected":false},"excerpt":{"rendered":"<p>\u0417\u0430 \u0434\u0430 \u0441\u0435 \u043b\u0435\u0433\u0430\u043b\u0438\u0437\u0438\u0440\u0430\u00a0\u0423\u0434\u043e\u0441\u0442\u043e\u0432\u0435\u0440\u0435\u043d\u0438\u0435 \u0437\u0430 \u0441\u043a\u043b\u044e\u0447\u0432\u0430\u043d\u0435 \u043d\u0430 \u0431\u0440\u0430\u043a \u043e\u0442 \u0431\u044a\u043b\u0433\u0430\u0440\u0441\u043a\u0438 \u0433\u0440\u0430\u0436\u0434\u0430\u043d\u0438\u043d \u0432 \u0447\u0443\u0436\u0431\u0438\u043d\u0430 \u0435 \u043d\u0435\u043e\u0431\u0445\u043e\u0434\u0438\u043c \u043e\u0440\u0438\u0433\u0438\u043d\u0430\u043b \u043d\u0430 \u0443\u0434\u043e\u0441\u0442\u043e\u0432\u0435\u0440\u0435\u043d\u0438\u0435\u0442\u043e \u0441 \u043f\u043e\u043b\u043e\u0436\u0435\u043d \u043f\u0440\u0430\u0432\u043e\u044a\u0433\u044a\u043b\u0435\u043d \u043f\u0435\u0447\u0430\u0442 \u043d\u0430 \u0433\u044a\u0440\u0431\u0430 \u043e\u0442 \u0441\u044a\u043e\u0442\u0432\u0435\u0442\u043d\u0430\u0442\u0430<span class=\"excerpt-hellip\"> [\u2026]<\/span><\/p>\n","protected":false},"featured_media":840,"comment_status":"open","ping_status":"closed","template":"","meta":[],"yoast_head":"<!-- This site is optimized with the Yoast SEO plugin v17.8 - https:\/\/yoast.com\/wordpress\/plugins\/seo\/ -->\n<title>Bulgaristan Cumhuriyeti vatanda\u015f\u0131n\u0131n yurt d\u0131\u015f\u0131nda nikah k\u0131ymas\u0131 i\u00e7in belge<\/title>\n<meta name=\"description\" content=\"\u0417\u0430 \u0434\u0430 \u0441\u0435 \u043b\u0435\u0433\u0430\u043b\u0438\u0437\u0438\u0440\u0430\u00a0\u0423\u0434\u043e\u0441\u0442\u043e\u0432\u0435\u0440\u0435\u043d\u0438\u0435 \u0437\u0430 \u0441\u043a\u043b\u044e\u0447\u0432\u0430\u043d\u0435 \u043d\u0430 \u0431\u0440\u0430\u043a \u043e\u0442 \u0431\u044a\u043b\u0433\u0430\u0440\u0441\u043a\u0438 \u0433\u0440\u0430\u0436\u0434\u0430\u043d\u0438\u043d \u0432 \u0447\u0443\u0436\u0431\u0438\u043d\u0430 \u0435 \u043d\u0435\u043e\u0431\u0445\u043e\u0434\u0438\u043c \u043e\u0440\u0438\u0433\u0438\u043d\u0430\u043b \u043d\u0430 \u0443\u0434\u043e\u0441\u0442\u043e\u0432\u0435\u0440\u0435\u043d\u0438\u0435\u0442\u043e \u0441 \u043f\u043e\u043b\u043e\u0436\u0435\u043d \u043f\u0440\u0430\u0432\u043e\u044a\u0433\u044a\u043b\u0435\u043d\" \/>\n<meta name=\"robots\" content=\"index, follow, max-snippet:-1, max-image-preview:large, max-video-preview:-1\" \/>\n<link rel=\"canonical\" href=\"https:\/\/prevodieko4.bg\/tr\/belgeler\/bulgaristan-cumhuriyeti-vatandasinin-yurt-disinda-nikah-kiymasi-icin-belge\/\" \/>\n<meta property=\"og:locale\" content=\"tr_TR\" \/>\n<meta property=\"og:type\" content=\"article\" \/>\n<meta property=\"og:title\" content=\"Bulgaristan Cumhuriyeti vatanda\u015f\u0131n\u0131n yurt d\u0131\u015f\u0131nda nikah k\u0131ymas\u0131 i\u00e7in belge\" \/>\n<meta property=\"og:description\" content=\"\u0417\u0430 \u0434\u0430 \u0441\u0435 \u043b\u0435\u0433\u0430\u043b\u0438\u0437\u0438\u0440\u0430\u00a0\u0423\u0434\u043e\u0441\u0442\u043e\u0432\u0435\u0440\u0435\u043d\u0438\u0435 \u0437\u0430 \u0441\u043a\u043b\u044e\u0447\u0432\u0430\u043d\u0435 \u043d\u0430 \u0431\u0440\u0430\u043a \u043e\u0442 \u0431\u044a\u043b\u0433\u0430\u0440\u0441\u043a\u0438 \u0433\u0440\u0430\u0436\u0434\u0430\u043d\u0438\u043d \u0432 \u0447\u0443\u0436\u0431\u0438\u043d\u0430 \u0435 \u043d\u0435\u043e\u0431\u0445\u043e\u0434\u0438\u043c \u043e\u0440\u0438\u0433\u0438\u043d\u0430\u043b \u043d\u0430 \u0443\u0434\u043e\u0441\u0442\u043e\u0432\u0435\u0440\u0435\u043d\u0438\u0435\u0442\u043e \u0441 \u043f\u043e\u043b\u043e\u0436\u0435\u043d \u043f\u0440\u0430\u0432\u043e\u044a\u0433\u044a\u043b\u0435\u043d\" \/>\n<meta property=\"og:url\" content=\"https:\/\/prevodieko4.bg\/tr\/belgeler\/bulgaristan-cumhuriyeti-vatandasinin-yurt-disinda-nikah-kiymasi-icin-belge\/\" \/>\n<meta property=\"og:site_name\" content=\"EKO 4 TERC\u00dcME\" \/>\n<meta property=\"article:modified_time\" content=\"2020-04-14T07:39:13+00:00\" \/>\n<meta property=\"og:image\" content=\"https:\/\/prevodieko4.bg\/tr\/wp-content\/uploads\/2017\/05\/za-sklyuchvane-na-brak-11.jpg\" \/>\n\t<meta property=\"og:image:width\" content=\"2479\" \/>\n\t<meta property=\"og:image:height\" content=\"3504\" \/>\n<meta name=\"twitter:card\" content=\"summary_large_image\" \/>\n<script type=\"application\/ld+json\" class=\"yoast-schema-graph\">{\"@context\":\"https:\/\/schema.org\",\"@graph\":[{\"@type\":\"WebSite\",\"@id\":\"https:\/\/prevodieko4.bg\/tr\/#website\",\"url\":\"https:\/\/prevodieko4.bg\/tr\/\",\"name\":\"EKO 4 TERC\\u00dcME\",\"description\":\"\",\"potentialAction\":[{\"@type\":\"SearchAction\",\"target\":{\"@type\":\"EntryPoint\",\"urlTemplate\":\"https:\/\/prevodieko4.bg\/tr\/?s={search_term_string}\"},\"query-input\":\"required name=search_term_string\"}],\"inLanguage\":\"tr\"},{\"@type\":\"ImageObject\",\"@id\":\"https:\/\/prevodieko4.bg\/tr\/belgeler\/bulgaristan-cumhuriyeti-vatandasinin-yurt-disinda-nikah-kiymasi-icin-belge\/#primaryimage\",\"inLanguage\":\"tr\",\"url\":\"https:\/\/prevodieko4.bg\/tr\/wp-content\/uploads\/2017\/05\/za-sklyuchvane-na-brak-11-scaled.jpg\",\"contentUrl\":\"https:\/\/prevodieko4.bg\/tr\/wp-content\/uploads\/2017\/05\/za-sklyuchvane-na-brak-11-scaled.jpg\",\"width\":2479,\"height\":3504},{\"@type\":\"WebPage\",\"@id\":\"https:\/\/prevodieko4.bg\/tr\/belgeler\/bulgaristan-cumhuriyeti-vatandasinin-yurt-disinda-nikah-kiymasi-icin-belge\/#webpage\",\"url\":\"https:\/\/prevodieko4.bg\/tr\/belgeler\/bulgaristan-cumhuriyeti-vatandasinin-yurt-disinda-nikah-kiymasi-icin-belge\/\",\"name\":\"Bulgaristan Cumhuriyeti vatanda\\u015f\\u0131n\\u0131n yurt d\\u0131\\u015f\\u0131nda nikah k\\u0131ymas\\u0131 i\\u00e7in belge\",\"isPartOf\":{\"@id\":\"https:\/\/prevodieko4.bg\/tr\/#website\"},\"primaryImageOfPage\":{\"@id\":\"https:\/\/prevodieko4.bg\/tr\/belgeler\/bulgaristan-cumhuriyeti-vatandasinin-yurt-disinda-nikah-kiymasi-icin-belge\/#primaryimage\"},\"datePublished\":\"2017-05-22T21:53:34+00:00\",\"dateModified\":\"2020-04-14T07:39:13+00:00\",\"description\":\"\\u0417\\u0430 \\u0434\\u0430 \\u0441\\u0435 \\u043b\\u0435\\u0433\\u0430\\u043b\\u0438\\u0437\\u0438\\u0440\\u0430\\u00a0\\u0423\\u0434\\u043e\\u0441\\u0442\\u043e\\u0432\\u0435\\u0440\\u0435\\u043d\\u0438\\u0435 \\u0437\\u0430 \\u0441\\u043a\\u043b\\u044e\\u0447\\u0432\\u0430\\u043d\\u0435 \\u043d\\u0430 \\u0431\\u0440\\u0430\\u043a \\u043e\\u0442 \\u0431\\u044a\\u043b\\u0433\\u0430\\u0440\\u0441\\u043a\\u0438 \\u0433\\u0440\\u0430\\u0436\\u0434\\u0430\\u043d\\u0438\\u043d \\u0432 \\u0447\\u0443\\u0436\\u0431\\u0438\\u043d\\u0430 \\u0435 \\u043d\\u0435\\u043e\\u0431\\u0445\\u043e\\u0434\\u0438\\u043c \\u043e\\u0440\\u0438\\u0433\\u0438\\u043d\\u0430\\u043b \\u043d\\u0430 \\u0443\\u0434\\u043e\\u0441\\u0442\\u043e\\u0432\\u0435\\u0440\\u0435\\u043d\\u0438\\u0435\\u0442\\u043e \\u0441 \\u043f\\u043e\\u043b\\u043e\\u0436\\u0435\\u043d \\u043f\\u0440\\u0430\\u0432\\u043e\\u044a\\u0433\\u044a\\u043b\\u0435\\u043d\",\"breadcrumb\":{\"@id\":\"https:\/\/prevodieko4.bg\/tr\/belgeler\/bulgaristan-cumhuriyeti-vatandasinin-yurt-disinda-nikah-kiymasi-icin-belge\/#breadcrumb\"},\"inLanguage\":\"tr\",\"potentialAction\":[{\"@type\":\"ReadAction\",\"target\":[\"https:\/\/prevodieko4.bg\/tr\/belgeler\/bulgaristan-cumhuriyeti-vatandasinin-yurt-disinda-nikah-kiymasi-icin-belge\/\"]}]},{\"@type\":\"BreadcrumbList\",\"@id\":\"https:\/\/prevodieko4.bg\/tr\/belgeler\/bulgaristan-cumhuriyeti-vatandasinin-yurt-disinda-nikah-kiymasi-icin-belge\/#breadcrumb\",\"itemListElement\":[{\"@type\":\"ListItem\",\"position\":1,\"name\":\"\\u041d\\u0430\\u0447\\u0430\\u043b\\u043e\",\"item\":\"https:\/\/prevodieko4.bg\/tr\/\"},{\"@type\":\"ListItem\",\"position\":2,\"name\":\"Belgeler\",\"item\":\"https:\/\/prevodieko4.bg\/tr\/belgeler\/\"},{\"@type\":\"ListItem\",\"position\":3,\"name\":\"Bulgaristan Cumhuriyeti vatanda\\u015f\\u0131n\\u0131n yurt d\\u0131\\u015f\\u0131nda nikah k\\u0131ymas\\u0131 i\\u00e7in belge\"}]}]}<\/script>\n<!-- \/ Yoast SEO plugin. -->","yoast_head_json":{"title":"Bulgaristan Cumhuriyeti vatanda\u015f\u0131n\u0131n yurt d\u0131\u015f\u0131nda nikah k\u0131ymas\u0131 i\u00e7in belge","description":"\u0417\u0430 \u0434\u0430 \u0441\u0435 \u043b\u0435\u0433\u0430\u043b\u0438\u0437\u0438\u0440\u0430\u00a0\u0423\u0434\u043e\u0441\u0442\u043e\u0432\u0435\u0440\u0435\u043d\u0438\u0435 \u0437\u0430 \u0441\u043a\u043b\u044e\u0447\u0432\u0430\u043d\u0435 \u043d\u0430 \u0431\u0440\u0430\u043a \u043e\u0442 \u0431\u044a\u043b\u0433\u0430\u0440\u0441\u043a\u0438 \u0433\u0440\u0430\u0436\u0434\u0430\u043d\u0438\u043d \u0432 \u0447\u0443\u0436\u0431\u0438\u043d\u0430 \u0435 \u043d\u0435\u043e\u0431\u0445\u043e\u0434\u0438\u043c \u043e\u0440\u0438\u0433\u0438\u043d\u0430\u043b \u043d\u0430 \u0443\u0434\u043e\u0441\u0442\u043e\u0432\u0435\u0440\u0435\u043d\u0438\u0435\u0442\u043e \u0441 \u043f\u043e\u043b\u043e\u0436\u0435\u043d \u043f\u0440\u0430\u0432\u043e\u044a\u0433\u044a\u043b\u0435\u043d","robots":{"index":"index","follow":"follow","max-snippet":"max-snippet:-1","max-image-preview":"max-image-preview:large","max-video-preview":"max-video-preview:-1"},"canonical":"https:\/\/prevodieko4.bg\/tr\/belgeler\/bulgaristan-cumhuriyeti-vatandasinin-yurt-disinda-nikah-kiymasi-icin-belge\/","og_locale":"tr_TR","og_type":"article","og_title":"Bulgaristan Cumhuriyeti vatanda\u015f\u0131n\u0131n yurt d\u0131\u015f\u0131nda nikah k\u0131ymas\u0131 i\u00e7in belge","og_description":"\u0417\u0430 \u0434\u0430 \u0441\u0435 \u043b\u0435\u0433\u0430\u043b\u0438\u0437\u0438\u0440\u0430\u00a0\u0423\u0434\u043e\u0441\u0442\u043e\u0432\u0435\u0440\u0435\u043d\u0438\u0435 \u0437\u0430 \u0441\u043a\u043b\u044e\u0447\u0432\u0430\u043d\u0435 \u043d\u0430 \u0431\u0440\u0430\u043a \u043e\u0442 \u0431\u044a\u043b\u0433\u0430\u0440\u0441\u043a\u0438 \u0433\u0440\u0430\u0436\u0434\u0430\u043d\u0438\u043d \u0432 \u0447\u0443\u0436\u0431\u0438\u043d\u0430 \u0435 \u043d\u0435\u043e\u0431\u0445\u043e\u0434\u0438\u043c \u043e\u0440\u0438\u0433\u0438\u043d\u0430\u043b \u043d\u0430 \u0443\u0434\u043e\u0441\u0442\u043e\u0432\u0435\u0440\u0435\u043d\u0438\u0435\u0442\u043e \u0441 \u043f\u043e\u043b\u043e\u0436\u0435\u043d \u043f\u0440\u0430\u0432\u043e\u044a\u0433\u044a\u043b\u0435\u043d","og_url":"https:\/\/prevodieko4.bg\/tr\/belgeler\/bulgaristan-cumhuriyeti-vatandasinin-yurt-disinda-nikah-kiymasi-icin-belge\/","og_site_name":"EKO 4 TERC\u00dcME","article_modified_time":"2020-04-14T07:39:13+00:00","og_image":[{"width":2479,"height":3504,"url":"https:\/\/prevodieko4.bg\/tr\/wp-content\/uploads\/2017\/05\/za-sklyuchvane-na-brak-11.jpg","type":"image\/jpeg"}],"twitter_card":"summary_large_image","schema":{"@context":"https:\/\/schema.org","@graph":[{"@type":"WebSite","@id":"https:\/\/prevodieko4.bg\/tr\/#website","url":"https:\/\/prevodieko4.bg\/tr\/","name":"EKO 4 TERC\u00dcME","description":"","potentialAction":[{"@type":"SearchAction","target":{"@type":"EntryPoint","urlTemplate":"https:\/\/prevodieko4.bg\/tr\/?s={search_term_string}"},"query-input":"required name=search_term_string"}],"inLanguage":"tr"},{"@type":"ImageObject","@id":"https:\/\/prevodieko4.bg\/tr\/belgeler\/bulgaristan-cumhuriyeti-vatandasinin-yurt-disinda-nikah-kiymasi-icin-belge\/#primaryimage","inLanguage":"tr","url":"https:\/\/prevodieko4.bg\/tr\/wp-content\/uploads\/2017\/05\/za-sklyuchvane-na-brak-11-scaled.jpg","contentUrl":"https:\/\/prevodieko4.bg\/tr\/wp-content\/uploads\/2017\/05\/za-sklyuchvane-na-brak-11-scaled.jpg","width":2479,"height":3504},{"@type":"WebPage","@id":"https:\/\/prevodieko4.bg\/tr\/belgeler\/bulgaristan-cumhuriyeti-vatandasinin-yurt-disinda-nikah-kiymasi-icin-belge\/#webpage","url":"https:\/\/prevodieko4.bg\/tr\/belgeler\/bulgaristan-cumhuriyeti-vatandasinin-yurt-disinda-nikah-kiymasi-icin-belge\/","name":"Bulgaristan Cumhuriyeti vatanda\u015f\u0131n\u0131n yurt d\u0131\u015f\u0131nda nikah k\u0131ymas\u0131 i\u00e7in belge","isPartOf":{"@id":"https:\/\/prevodieko4.bg\/tr\/#website"},"primaryImageOfPage":{"@id":"https:\/\/prevodieko4.bg\/tr\/belgeler\/bulgaristan-cumhuriyeti-vatandasinin-yurt-disinda-nikah-kiymasi-icin-belge\/#primaryimage"},"datePublished":"2017-05-22T21:53:34+00:00","dateModified":"2020-04-14T07:39:13+00:00","description":"\u0417\u0430 \u0434\u0430 \u0441\u0435 \u043b\u0435\u0433\u0430\u043b\u0438\u0437\u0438\u0440\u0430\u00a0\u0423\u0434\u043e\u0441\u0442\u043e\u0432\u0435\u0440\u0435\u043d\u0438\u0435 \u0437\u0430 \u0441\u043a\u043b\u044e\u0447\u0432\u0430\u043d\u0435 \u043d\u0430 \u0431\u0440\u0430\u043a \u043e\u0442 \u0431\u044a\u043b\u0433\u0430\u0440\u0441\u043a\u0438 \u0433\u0440\u0430\u0436\u0434\u0430\u043d\u0438\u043d \u0432 \u0447\u0443\u0436\u0431\u0438\u043d\u0430 \u0435 \u043d\u0435\u043e\u0431\u0445\u043e\u0434\u0438\u043c \u043e\u0440\u0438\u0433\u0438\u043d\u0430\u043b \u043d\u0430 \u0443\u0434\u043e\u0441\u0442\u043e\u0432\u0435\u0440\u0435\u043d\u0438\u0435\u0442\u043e \u0441 \u043f\u043e\u043b\u043e\u0436\u0435\u043d \u043f\u0440\u0430\u0432\u043e\u044a\u0433\u044a\u043b\u0435\u043d","breadcrumb":{"@id":"https:\/\/prevodieko4.bg\/tr\/belgeler\/bulgaristan-cumhuriyeti-vatandasinin-yurt-disinda-nikah-kiymasi-icin-belge\/#breadcrumb"},"inLanguage":"tr","potentialAction":[{"@type":"ReadAction","target":["https:\/\/prevodieko4.bg\/tr\/belgeler\/bulgaristan-cumhuriyeti-vatandasinin-yurt-disinda-nikah-kiymasi-icin-belge\/"]}]},{"@type":"BreadcrumbList","@id":"https:\/\/prevodieko4.bg\/tr\/belgeler\/bulgaristan-cumhuriyeti-vatandasinin-yurt-disinda-nikah-kiymasi-icin-belge\/#breadcrumb","itemListElement":[{"@type":"ListItem","position":1,"name":"\u041d\u0430\u0447\u0430\u043b\u043e","item":"https:\/\/prevodieko4.bg\/tr\/"},{"@type":"ListItem","position":2,"name":"Belgeler","item":"https:\/\/prevodieko4.bg\/tr\/belgeler\/"},{"@type":"ListItem","position":3,"name":"Bulgaristan Cumhuriyeti vatanda\u015f\u0131n\u0131n yurt d\u0131\u015f\u0131nda nikah k\u0131ymas\u0131 i\u00e7in belge"}]}]}},"_links":{"self":[{"href":"https:\/\/prevodieko4.bg\/tr\/wp-json\/wp\/v2\/product\/175"}],"collection":[{"href":"https:\/\/prevodieko4.bg\/tr\/wp-json\/wp\/v2\/product"}],"about":[{"href":"https:\/\/prevodieko4.bg\/tr\/wp-json\/wp\/v2\/types\/product"}],"replies":[{"embeddable":true,"href":"https:\/\/prevodieko4.bg\/tr\/wp-json\/wp\/v2\/comments?post=175"}],"wp:featuredmedia":[{"embeddable":true,"href":"https:\/\/prevodieko4.bg\/tr\/wp-json\/wp\/v2\/media\/840"}],"wp:attachment":[{"href":"https:\/\/prevodieko4.bg\/tr\/wp-json\/wp\/v2\/media?parent=175"}],"curies":[{"name":"wp","href":"https:\/\/api.w.org\/{rel}","templated":true}]}}