{"id":1869,"date":"2020-04-14T07:58:17","date_gmt":"2020-04-14T07:58:17","guid":{"rendered":"https:\/\/prevodieko4.bg\/tr\/?post_type=product&#038;p=1869"},"modified":"2020-04-14T07:58:42","modified_gmt":"2020-04-14T07:58:42","slug":"olum-kayit-ornegi","status":"publish","type":"product","link":"https:\/\/prevodieko4.bg\/tr\/belgeler\/olum-kayit-ornegi\/","title":{"rendered":"\u00d6l\u00fcm kay\u0131t \u00f6rne\u011fi"},"content":{"rendered":"","protected":false},"excerpt":{"rendered":"","protected":false},"featured_media":1198,"comment_status":"closed","ping_status":"closed","template":"","meta":[],"yoast_head":"<!-- This site is optimized with the Yoast SEO plugin v17.8 - https:\/\/yoast.com\/wordpress\/plugins\/seo\/ -->\n<title>\u00d6l\u00fcm kay\u0131t \u00f6rne\u011fi | EKO 4 TERC\u00dcME<\/title>\n<meta name=\"robots\" content=\"index, follow, max-snippet:-1, max-image-preview:large, max-video-preview:-1\" \/>\n<link rel=\"canonical\" href=\"https:\/\/prevodieko4.bg\/tr\/belgeler\/olum-kayit-ornegi\/\" \/>\n<meta property=\"og:locale\" content=\"tr_TR\" \/>\n<meta property=\"og:type\" content=\"article\" \/>\n<meta property=\"og:title\" content=\"\u00d6l\u00fcm kay\u0131t \u00f6rne\u011fi | EKO 4 TERC\u00dcME\" \/>\n<meta property=\"og:url\" content=\"https:\/\/prevodieko4.bg\/tr\/belgeler\/olum-kayit-ornegi\/\" \/>\n<meta property=\"og:site_name\" content=\"EKO 4 TERC\u00dcME\" \/>\n<meta property=\"article:modified_time\" content=\"2020-04-14T07:58:42+00:00\" \/>\n<meta property=\"og:image\" content=\"https:\/\/prevodieko4.bg\/tr\/wp-content\/uploads\/2018\/04\/Smarten-Akt-1-scaled.jpg\" \/>\n\t<meta property=\"og:image:width\" content=\"2479\" \/>\n\t<meta property=\"og:image:height\" content=\"3504\" \/>\n<meta name=\"twitter:card\" content=\"summary_large_image\" \/>\n<script type=\"application\/ld+json\" class=\"yoast-schema-graph\">{\"@context\":\"https:\/\/schema.org\",\"@graph\":[{\"@type\":\"WebSite\",\"@id\":\"https:\/\/prevodieko4.bg\/tr\/#website\",\"url\":\"https:\/\/prevodieko4.bg\/tr\/\",\"name\":\"EKO 4 TERC\\u00dcME\",\"description\":\"\",\"potentialAction\":[{\"@type\":\"SearchAction\",\"target\":{\"@type\":\"EntryPoint\",\"urlTemplate\":\"https:\/\/prevodieko4.bg\/tr\/?s={search_term_string}\"},\"query-input\":\"required name=search_term_string\"}],\"inLanguage\":\"tr\"},{\"@type\":\"ImageObject\",\"@id\":\"https:\/\/prevodieko4.bg\/tr\/belgeler\/olum-kayit-ornegi\/#primaryimage\",\"inLanguage\":\"tr\",\"url\":\"https:\/\/prevodieko4.bg\/tr\/wp-content\/uploads\/2018\/04\/Smarten-Akt-1-scaled.jpg\",\"contentUrl\":\"https:\/\/prevodieko4.bg\/tr\/wp-content\/uploads\/2018\/04\/Smarten-Akt-1-scaled.jpg\",\"width\":2479,\"height\":3504},{\"@type\":\"WebPage\",\"@id\":\"https:\/\/prevodieko4.bg\/tr\/belgeler\/olum-kayit-ornegi\/#webpage\",\"url\":\"https:\/\/prevodieko4.bg\/tr\/belgeler\/olum-kayit-ornegi\/\",\"name\":\"\\u00d6l\\u00fcm kay\\u0131t \\u00f6rne\\u011fi | EKO 4 TERC\\u00dcME\",\"isPartOf\":{\"@id\":\"https:\/\/prevodieko4.bg\/tr\/#website\"},\"primaryImageOfPage\":{\"@id\":\"https:\/\/prevodieko4.bg\/tr\/belgeler\/olum-kayit-ornegi\/#primaryimage\"},\"datePublished\":\"2020-04-14T07:58:17+00:00\",\"dateModified\":\"2020-04-14T07:58:42+00:00\",\"breadcrumb\":{\"@id\":\"https:\/\/prevodieko4.bg\/tr\/belgeler\/olum-kayit-ornegi\/#breadcrumb\"},\"inLanguage\":\"tr\",\"potentialAction\":[{\"@type\":\"ReadAction\",\"target\":[\"https:\/\/prevodieko4.bg\/tr\/belgeler\/olum-kayit-ornegi\/\"]}]},{\"@type\":\"BreadcrumbList\",\"@id\":\"https:\/\/prevodieko4.bg\/tr\/belgeler\/olum-kayit-ornegi\/#breadcrumb\",\"itemListElement\":[{\"@type\":\"ListItem\",\"position\":1,\"name\":\"\\u041d\\u0430\\u0447\\u0430\\u043b\\u043e\",\"item\":\"https:\/\/prevodieko4.bg\/tr\/\"},{\"@type\":\"ListItem\",\"position\":2,\"name\":\"Belgeler\",\"item\":\"https:\/\/prevodieko4.bg\/tr\/belgeler\/\"},{\"@type\":\"ListItem\",\"position\":3,\"name\":\"\\u00d6l\\u00fcm kay\\u0131t \\u00f6rne\\u011fi\"}]}]}<\/script>\n<!-- \/ Yoast SEO plugin. -->","yoast_head_json":{"title":"\u00d6l\u00fcm kay\u0131t \u00f6rne\u011fi | EKO 4 TERC\u00dcME","robots":{"index":"index","follow":"follow","max-snippet":"max-snippet:-1","max-image-preview":"max-image-preview:large","max-video-preview":"max-video-preview:-1"},"canonical":"https:\/\/prevodieko4.bg\/tr\/belgeler\/olum-kayit-ornegi\/","og_locale":"tr_TR","og_type":"article","og_title":"\u00d6l\u00fcm kay\u0131t \u00f6rne\u011fi | EKO 4 TERC\u00dcME","og_url":"https:\/\/prevodieko4.bg\/tr\/belgeler\/olum-kayit-ornegi\/","og_site_name":"EKO 4 TERC\u00dcME","article_modified_time":"2020-04-14T07:58:42+00:00","og_image":[{"width":2479,"height":3504,"url":"https:\/\/prevodieko4.bg\/tr\/wp-content\/uploads\/2018\/04\/Smarten-Akt-1-scaled.jpg","type":"image\/jpeg"}],"twitter_card":"summary_large_image","schema":{"@context":"https:\/\/schema.org","@graph":[{"@type":"WebSite","@id":"https:\/\/prevodieko4.bg\/tr\/#website","url":"https:\/\/prevodieko4.bg\/tr\/","name":"EKO 4 TERC\u00dcME","description":"","potentialAction":[{"@type":"SearchAction","target":{"@type":"EntryPoint","urlTemplate":"https:\/\/prevodieko4.bg\/tr\/?s={search_term_string}"},"query-input":"required name=search_term_string"}],"inLanguage":"tr"},{"@type":"ImageObject","@id":"https:\/\/prevodieko4.bg\/tr\/belgeler\/olum-kayit-ornegi\/#primaryimage","inLanguage":"tr","url":"https:\/\/prevodieko4.bg\/tr\/wp-content\/uploads\/2018\/04\/Smarten-Akt-1-scaled.jpg","contentUrl":"https:\/\/prevodieko4.bg\/tr\/wp-content\/uploads\/2018\/04\/Smarten-Akt-1-scaled.jpg","width":2479,"height":3504},{"@type":"WebPage","@id":"https:\/\/prevodieko4.bg\/tr\/belgeler\/olum-kayit-ornegi\/#webpage","url":"https:\/\/prevodieko4.bg\/tr\/belgeler\/olum-kayit-ornegi\/","name":"\u00d6l\u00fcm kay\u0131t \u00f6rne\u011fi | EKO 4 TERC\u00dcME","isPartOf":{"@id":"https:\/\/prevodieko4.bg\/tr\/#website"},"primaryImageOfPage":{"@id":"https:\/\/prevodieko4.bg\/tr\/belgeler\/olum-kayit-ornegi\/#primaryimage"},"datePublished":"2020-04-14T07:58:17+00:00","dateModified":"2020-04-14T07:58:42+00:00","breadcrumb":{"@id":"https:\/\/prevodieko4.bg\/tr\/belgeler\/olum-kayit-ornegi\/#breadcrumb"},"inLanguage":"tr","potentialAction":[{"@type":"ReadAction","target":["https:\/\/prevodieko4.bg\/tr\/belgeler\/olum-kayit-ornegi\/"]}]},{"@type":"BreadcrumbList","@id":"https:\/\/prevodieko4.bg\/tr\/belgeler\/olum-kayit-ornegi\/#breadcrumb","itemListElement":[{"@type":"ListItem","position":1,"name":"\u041d\u0430\u0447\u0430\u043b\u043e","item":"https:\/\/prevodieko4.bg\/tr\/"},{"@type":"ListItem","position":2,"name":"Belgeler","item":"https:\/\/prevodieko4.bg\/tr\/belgeler\/"},{"@type":"ListItem","position":3,"name":"\u00d6l\u00fcm kay\u0131t \u00f6rne\u011fi"}]}]}},"_links":{"self":[{"href":"https:\/\/prevodieko4.bg\/tr\/wp-json\/wp\/v2\/product\/1869"}],"collection":[{"href":"https:\/\/prevodieko4.bg\/tr\/wp-json\/wp\/v2\/product"}],"about":[{"href":"https:\/\/prevodieko4.bg\/tr\/wp-json\/wp\/v2\/types\/product"}],"replies":[{"embeddable":true,"href":"https:\/\/prevodieko4.bg\/tr\/wp-json\/wp\/v2\/comments?post=1869"}],"wp:featuredmedia":[{"embeddable":true,"href":"https:\/\/prevodieko4.bg\/tr\/wp-json\/wp\/v2\/media\/1198"}],"wp:attachment":[{"href":"https:\/\/prevodieko4.bg\/tr\/wp-json\/wp\/v2\/media?parent=1869"}],"curies":[{"name":"wp","href":"https:\/\/api.w.org\/{rel}","templated":true}]}}