{"id":783,"date":"2017-11-08T12:43:50","date_gmt":"2017-11-08T12:43:50","guid":{"rendered":"https:\/\/prevodieko4.bg\/?post_type=product&#038;p=783"},"modified":"2020-04-14T07:59:50","modified_gmt":"2020-04-14T07:59:50","slug":"akt-za-rajdane","status":"publish","type":"product","link":"https:\/\/prevodieko4.bg\/tr\/belgeler\/akt-za-rajdane\/","title":{"rendered":"Bulgaristan\u2019da d\u00fczenlenen Do\u011fum belgesi"},"content":{"rendered":"<p>Bulgaristan Cumhuriyeti&#8217;nde d\u00fczenlenen Do\u011fum Belgesi\u2019nin onaylanmas\u0131 i\u00e7in, belediye taraf\u0131ndan verilen Suretin arkas\u0131nda dikd\u00f6rtgen \u015feklinde bir damga bulunmas\u0131 gerekmektedir.<\/p>\n<p>Teslim edilen Suretin, onay i\u015flemi \u00a0i\u00e7in D\u0131\u015fi\u015fleri Bakanl\u0131\u011f\u0131 Konsolosluk B\u00f6l\u00fcm\u00fc&#8217;ne g\u00f6nderilir.<\/p>\n","protected":false},"excerpt":{"rendered":"<p>Bulgarca&#8217;dan \u0130ngilizce, Almanca, Frans\u0131zca, T\u00fcrk\u00e7e ve Rus\u00e7a&#8217;ya terc\u00fcme promosyon fiyat\u0131 \u2013 10 BGN<\/p>\n","protected":false},"featured_media":1154,"comment_status":"closed","ping_status":"closed","template":"","meta":[],"yoast_head":"<!-- This site is optimized with the Yoast SEO plugin v17.8 - https:\/\/yoast.com\/wordpress\/plugins\/seo\/ -->\n<title>Bulgaristan\u2019da d\u00fczenlenen Do\u011fum belgesi - \u0415\u041a\u041e 4 Terc\u00fcme<\/title>\n<meta name=\"description\" content=\"Bulgaristan Cumhuriyeti&#039;nde d\u00fczenlenen Do\u011fum Belgesi\u2019nin onaylanmas\u0131 i\u00e7in, belediye taraf\u0131ndan verilen Suretin arkas\u0131nda dikd\u00f6rtgen \u015feklinde bir damga bulunmas\u0131 gerekmektedir.\" \/>\n<meta name=\"robots\" content=\"index, follow, max-snippet:-1, max-image-preview:large, max-video-preview:-1\" \/>\n<link rel=\"canonical\" href=\"https:\/\/prevodieko4.bg\/tr\/belgeler\/akt-za-rajdane\/\" \/>\n<meta property=\"og:locale\" content=\"tr_TR\" \/>\n<meta property=\"og:type\" content=\"article\" \/>\n<meta property=\"og:title\" content=\"Bulgaristan\u2019da d\u00fczenlenen Do\u011fum belgesi - \u0415\u041a\u041e 4 Terc\u00fcme\" \/>\n<meta property=\"og:description\" content=\"Bulgaristan Cumhuriyeti&#039;nde d\u00fczenlenen Do\u011fum Belgesi\u2019nin onaylanmas\u0131 i\u00e7in, belediye taraf\u0131ndan verilen Suretin arkas\u0131nda dikd\u00f6rtgen \u015feklinde bir damga bulunmas\u0131 gerekmektedir.\" \/>\n<meta property=\"og:url\" content=\"https:\/\/prevodieko4.bg\/tr\/belgeler\/akt-za-rajdane\/\" \/>\n<meta property=\"og:site_name\" content=\"EKO 4 TERC\u00dcME\" \/>\n<meta property=\"article:modified_time\" content=\"2020-04-14T07:59:50+00:00\" \/>\n<meta property=\"og:image\" content=\"https:\/\/prevodieko4.bg\/tr\/wp-content\/uploads\/2017\/11\/Razhdane-nov-1-scaled.jpg\" \/>\n\t<meta property=\"og:image:width\" content=\"2479\" \/>\n\t<meta property=\"og:image:height\" content=\"3504\" \/>\n<meta name=\"twitter:card\" content=\"summary_large_image\" \/>\n<script type=\"application\/ld+json\" class=\"yoast-schema-graph\">{\"@context\":\"https:\/\/schema.org\",\"@graph\":[{\"@type\":\"WebSite\",\"@id\":\"https:\/\/prevodieko4.bg\/tr\/#website\",\"url\":\"https:\/\/prevodieko4.bg\/tr\/\",\"name\":\"EKO 4 TERC\\u00dcME\",\"description\":\"\",\"potentialAction\":[{\"@type\":\"SearchAction\",\"target\":{\"@type\":\"EntryPoint\",\"urlTemplate\":\"https:\/\/prevodieko4.bg\/tr\/?s={search_term_string}\"},\"query-input\":\"required name=search_term_string\"}],\"inLanguage\":\"tr\"},{\"@type\":\"ImageObject\",\"@id\":\"https:\/\/prevodieko4.bg\/tr\/belgeler\/akt-za-rajdane\/#primaryimage\",\"inLanguage\":\"tr\",\"url\":\"https:\/\/prevodieko4.bg\/tr\/wp-content\/uploads\/2017\/11\/Razhdane-nov-1-scaled.jpg\",\"contentUrl\":\"https:\/\/prevodieko4.bg\/tr\/wp-content\/uploads\/2017\/11\/Razhdane-nov-1-scaled.jpg\",\"width\":2479,\"height\":3504},{\"@type\":\"WebPage\",\"@id\":\"https:\/\/prevodieko4.bg\/tr\/belgeler\/akt-za-rajdane\/#webpage\",\"url\":\"https:\/\/prevodieko4.bg\/tr\/belgeler\/akt-za-rajdane\/\",\"name\":\"Bulgaristan\\u2019da d\\u00fczenlenen Do\\u011fum belgesi - \\u0415\\u041a\\u041e 4 Terc\\u00fcme\",\"isPartOf\":{\"@id\":\"https:\/\/prevodieko4.bg\/tr\/#website\"},\"primaryImageOfPage\":{\"@id\":\"https:\/\/prevodieko4.bg\/tr\/belgeler\/akt-za-rajdane\/#primaryimage\"},\"datePublished\":\"2017-11-08T12:43:50+00:00\",\"dateModified\":\"2020-04-14T07:59:50+00:00\",\"description\":\"Bulgaristan Cumhuriyeti'nde d\\u00fczenlenen Do\\u011fum Belgesi\\u2019nin onaylanmas\\u0131 i\\u00e7in, belediye taraf\\u0131ndan verilen Suretin arkas\\u0131nda dikd\\u00f6rtgen \\u015feklinde bir damga bulunmas\\u0131 gerekmektedir.\",\"breadcrumb\":{\"@id\":\"https:\/\/prevodieko4.bg\/tr\/belgeler\/akt-za-rajdane\/#breadcrumb\"},\"inLanguage\":\"tr\",\"potentialAction\":[{\"@type\":\"ReadAction\",\"target\":[\"https:\/\/prevodieko4.bg\/tr\/belgeler\/akt-za-rajdane\/\"]}]},{\"@type\":\"BreadcrumbList\",\"@id\":\"https:\/\/prevodieko4.bg\/tr\/belgeler\/akt-za-rajdane\/#breadcrumb\",\"itemListElement\":[{\"@type\":\"ListItem\",\"position\":1,\"name\":\"\\u041d\\u0430\\u0447\\u0430\\u043b\\u043e\",\"item\":\"https:\/\/prevodieko4.bg\/tr\/\"},{\"@type\":\"ListItem\",\"position\":2,\"name\":\"Belgeler\",\"item\":\"https:\/\/prevodieko4.bg\/tr\/belgeler\/\"},{\"@type\":\"ListItem\",\"position\":3,\"name\":\"Bulgaristan\\u2019da d\\u00fczenlenen Do\\u011fum belgesi\"}]}]}<\/script>\n<!-- \/ Yoast SEO plugin. -->","yoast_head_json":{"title":"Bulgaristan\u2019da d\u00fczenlenen Do\u011fum belgesi - \u0415\u041a\u041e 4 Terc\u00fcme","description":"Bulgaristan Cumhuriyeti'nde d\u00fczenlenen Do\u011fum Belgesi\u2019nin onaylanmas\u0131 i\u00e7in, belediye taraf\u0131ndan verilen Suretin arkas\u0131nda dikd\u00f6rtgen \u015feklinde bir damga bulunmas\u0131 gerekmektedir.","robots":{"index":"index","follow":"follow","max-snippet":"max-snippet:-1","max-image-preview":"max-image-preview:large","max-video-preview":"max-video-preview:-1"},"canonical":"https:\/\/prevodieko4.bg\/tr\/belgeler\/akt-za-rajdane\/","og_locale":"tr_TR","og_type":"article","og_title":"Bulgaristan\u2019da d\u00fczenlenen Do\u011fum belgesi - \u0415\u041a\u041e 4 Terc\u00fcme","og_description":"Bulgaristan Cumhuriyeti'nde d\u00fczenlenen Do\u011fum Belgesi\u2019nin onaylanmas\u0131 i\u00e7in, belediye taraf\u0131ndan verilen Suretin arkas\u0131nda dikd\u00f6rtgen \u015feklinde bir damga bulunmas\u0131 gerekmektedir.","og_url":"https:\/\/prevodieko4.bg\/tr\/belgeler\/akt-za-rajdane\/","og_site_name":"EKO 4 TERC\u00dcME","article_modified_time":"2020-04-14T07:59:50+00:00","og_image":[{"width":2479,"height":3504,"url":"https:\/\/prevodieko4.bg\/tr\/wp-content\/uploads\/2017\/11\/Razhdane-nov-1-scaled.jpg","type":"image\/jpeg"}],"twitter_card":"summary_large_image","schema":{"@context":"https:\/\/schema.org","@graph":[{"@type":"WebSite","@id":"https:\/\/prevodieko4.bg\/tr\/#website","url":"https:\/\/prevodieko4.bg\/tr\/","name":"EKO 4 TERC\u00dcME","description":"","potentialAction":[{"@type":"SearchAction","target":{"@type":"EntryPoint","urlTemplate":"https:\/\/prevodieko4.bg\/tr\/?s={search_term_string}"},"query-input":"required name=search_term_string"}],"inLanguage":"tr"},{"@type":"ImageObject","@id":"https:\/\/prevodieko4.bg\/tr\/belgeler\/akt-za-rajdane\/#primaryimage","inLanguage":"tr","url":"https:\/\/prevodieko4.bg\/tr\/wp-content\/uploads\/2017\/11\/Razhdane-nov-1-scaled.jpg","contentUrl":"https:\/\/prevodieko4.bg\/tr\/wp-content\/uploads\/2017\/11\/Razhdane-nov-1-scaled.jpg","width":2479,"height":3504},{"@type":"WebPage","@id":"https:\/\/prevodieko4.bg\/tr\/belgeler\/akt-za-rajdane\/#webpage","url":"https:\/\/prevodieko4.bg\/tr\/belgeler\/akt-za-rajdane\/","name":"Bulgaristan\u2019da d\u00fczenlenen Do\u011fum belgesi - \u0415\u041a\u041e 4 Terc\u00fcme","isPartOf":{"@id":"https:\/\/prevodieko4.bg\/tr\/#website"},"primaryImageOfPage":{"@id":"https:\/\/prevodieko4.bg\/tr\/belgeler\/akt-za-rajdane\/#primaryimage"},"datePublished":"2017-11-08T12:43:50+00:00","dateModified":"2020-04-14T07:59:50+00:00","description":"Bulgaristan Cumhuriyeti'nde d\u00fczenlenen Do\u011fum Belgesi\u2019nin onaylanmas\u0131 i\u00e7in, belediye taraf\u0131ndan verilen Suretin arkas\u0131nda dikd\u00f6rtgen \u015feklinde bir damga bulunmas\u0131 gerekmektedir.","breadcrumb":{"@id":"https:\/\/prevodieko4.bg\/tr\/belgeler\/akt-za-rajdane\/#breadcrumb"},"inLanguage":"tr","potentialAction":[{"@type":"ReadAction","target":["https:\/\/prevodieko4.bg\/tr\/belgeler\/akt-za-rajdane\/"]}]},{"@type":"BreadcrumbList","@id":"https:\/\/prevodieko4.bg\/tr\/belgeler\/akt-za-rajdane\/#breadcrumb","itemListElement":[{"@type":"ListItem","position":1,"name":"\u041d\u0430\u0447\u0430\u043b\u043e","item":"https:\/\/prevodieko4.bg\/tr\/"},{"@type":"ListItem","position":2,"name":"Belgeler","item":"https:\/\/prevodieko4.bg\/tr\/belgeler\/"},{"@type":"ListItem","position":3,"name":"Bulgaristan\u2019da d\u00fczenlenen Do\u011fum belgesi"}]}]}},"_links":{"self":[{"href":"https:\/\/prevodieko4.bg\/tr\/wp-json\/wp\/v2\/product\/783"}],"collection":[{"href":"https:\/\/prevodieko4.bg\/tr\/wp-json\/wp\/v2\/product"}],"about":[{"href":"https:\/\/prevodieko4.bg\/tr\/wp-json\/wp\/v2\/types\/product"}],"replies":[{"embeddable":true,"href":"https:\/\/prevodieko4.bg\/tr\/wp-json\/wp\/v2\/comments?post=783"}],"wp:featuredmedia":[{"embeddable":true,"href":"https:\/\/prevodieko4.bg\/tr\/wp-json\/wp\/v2\/media\/1154"}],"wp:attachment":[{"href":"https:\/\/prevodieko4.bg\/tr\/wp-json\/wp\/v2\/media?parent=783"}],"curies":[{"name":"wp","href":"https:\/\/api.w.org\/{rel}","templated":true}]}}